{"id":14029,"date":"2023-11-29T07:10:22","date_gmt":"2023-11-29T07:10:22","guid":{"rendered":"https:\/\/www.tempting.es\/?post_type=product&#038;p=14029"},"modified":"2023-11-29T08:37:12","modified_gmt":"2023-11-29T08:37:12","slug":"tech-mask-glam-lab","status":"publish","type":"product","link":"https:\/\/www.tempting.es\/ru\/producto\/tech-mask-glam-lab\/","title":{"rendered":"Tech Mask Glam Lab"},"content":{"rendered":"<p>Mascarilla t\u00e9cnica espec\u00edficamente dise\u00f1ada para restaurar y nutrir la fibra capilar despu\u00e9s de la decoloraci\u00f3n o antes de iniciar cualquier tipo de coloraci\u00f3n.<\/p>\n","protected":false},"excerpt":{"rendered":"<p>Mascarilla t\u00e9cnica.<\/p>\n","protected":false},"featured_media":14059,"comment_status":"open","ping_status":"closed","template":"","meta":{"_acf_changed":false,"om_disable_all_campaigns":false},"product_brand":[],"product_cat":[30],"product_tag":[],"class_list":{"0":"post-14029","1":"product","2":"type-product","3":"status-publish","4":"has-post-thumbnail","6":"product_cat-glam","8":"first","9":"instock","10":"shipping-taxable","11":"product-type-simple"},"acf":[],"aioseo_notices":[],"_links":{"self":[{"href":"https:\/\/www.tempting.es\/ru\/wp-json\/wp\/v2\/product\/14029","targetHints":{"allow":["GET"]}}],"collection":[{"href":"https:\/\/www.tempting.es\/ru\/wp-json\/wp\/v2\/product"}],"about":[{"href":"https:\/\/www.tempting.es\/ru\/wp-json\/wp\/v2\/types\/product"}],"replies":[{"embeddable":true,"href":"https:\/\/www.tempting.es\/ru\/wp-json\/wp\/v2\/comments?post=14029"}],"wp:featuredmedia":[{"embeddable":true,"href":"https:\/\/www.tempting.es\/ru\/wp-json\/wp\/v2\/media\/14059"}],"wp:attachment":[{"href":"https:\/\/www.tempting.es\/ru\/wp-json\/wp\/v2\/media?parent=14029"}],"wp:term":[{"taxonomy":"product_brand","embeddable":true,"href":"https:\/\/www.tempting.es\/ru\/wp-json\/wp\/v2\/product_brand?post=14029"},{"taxonomy":"product_cat","embeddable":true,"href":"https:\/\/www.tempting.es\/ru\/wp-json\/wp\/v2\/product_cat?post=14029"},{"taxonomy":"product_tag","embeddable":true,"href":"https:\/\/www.tempting.es\/ru\/wp-json\/wp\/v2\/product_tag?post=14029"}],"curies":[{"name":"wp","href":"https:\/\/api.w.org\/{rel}","templated":true}]}}