{"id":14018,"date":"2023-11-28T13:23:57","date_gmt":"2023-11-28T13:23:57","guid":{"rendered":"https:\/\/www.tempting.es\/?post_type=product&#038;p=14018"},"modified":"2023-11-28T13:23:57","modified_gmt":"2023-11-28T13:23:57","slug":"vegan-soft-bleaching-powder","status":"publish","type":"product","link":"https:\/\/www.tempting.es\/ru\/producto\/vegan-soft-bleaching-powder\/","title":{"rendered":"Vegan Soft Bleaching Powder"},"content":{"rendered":"<p>Polvo decolorante blanco con una acci\u00f3n suave que aclara hasta 7 tonos. Su f\u00f3rmula vegana tiene un bajo contenido en amon\u00edaco y una textura aterciopelada, apta para todas las t\u00e9cnicas de aclarado.<\/p>\n","protected":false},"excerpt":{"rendered":"<p>Polvo decolorante blanco 7 tonos<\/p>\n","protected":false},"featured_media":14019,"comment_status":"open","ping_status":"closed","template":"","meta":{"_acf_changed":false,"om_disable_all_campaigns":false},"product_brand":[],"product_cat":[30],"product_tag":[],"class_list":{"0":"post-14018","1":"product","2":"type-product","3":"status-publish","4":"has-post-thumbnail","6":"product_cat-glam","8":"first","9":"instock","10":"shipping-taxable","11":"product-type-simple"},"acf":[],"aioseo_notices":[],"_links":{"self":[{"href":"https:\/\/www.tempting.es\/ru\/wp-json\/wp\/v2\/product\/14018","targetHints":{"allow":["GET"]}}],"collection":[{"href":"https:\/\/www.tempting.es\/ru\/wp-json\/wp\/v2\/product"}],"about":[{"href":"https:\/\/www.tempting.es\/ru\/wp-json\/wp\/v2\/types\/product"}],"replies":[{"embeddable":true,"href":"https:\/\/www.tempting.es\/ru\/wp-json\/wp\/v2\/comments?post=14018"}],"wp:featuredmedia":[{"embeddable":true,"href":"https:\/\/www.tempting.es\/ru\/wp-json\/wp\/v2\/media\/14019"}],"wp:attachment":[{"href":"https:\/\/www.tempting.es\/ru\/wp-json\/wp\/v2\/media?parent=14018"}],"wp:term":[{"taxonomy":"product_brand","embeddable":true,"href":"https:\/\/www.tempting.es\/ru\/wp-json\/wp\/v2\/product_brand?post=14018"},{"taxonomy":"product_cat","embeddable":true,"href":"https:\/\/www.tempting.es\/ru\/wp-json\/wp\/v2\/product_cat?post=14018"},{"taxonomy":"product_tag","embeddable":true,"href":"https:\/\/www.tempting.es\/ru\/wp-json\/wp\/v2\/product_tag?post=14018"}],"curies":[{"name":"wp","href":"https:\/\/api.w.org\/{rel}","templated":true}]}}