{"id":13107,"date":"2023-06-08T12:33:22","date_gmt":"2023-06-08T12:33:22","guid":{"rendered":"https:\/\/www.tempting.es\/?post_type=product&#038;p=13107"},"modified":"2023-06-19T08:45:33","modified_gmt":"2023-06-19T08:45:33","slug":"chameleonik-pigment-cleaner","status":"publish","type":"product","link":"https:\/\/www.tempting.es\/ru\/producto\/chameleonik-pigment-cleaner\/","title":{"rendered":"Chameleonik Pigment Cleaner"},"content":{"rendered":"<p>Crema despigmentante que elimina y reduce los pigmentos directos indeseados de Chameleonik. Mantiene la estructura del cabello gracias a su f\u00f3rmula rica en aceites de aguacate, algod\u00f3n y de semilla de amapola. No retira pigmentos de oxidaci\u00f3n.<\/p>\n","protected":false},"excerpt":{"rendered":"<p>Crema despigmentante para pigmentos directos.<\/p>\n","protected":false},"featured_media":13616,"comment_status":"open","ping_status":"closed","template":"","meta":{"_acf_changed":false,"om_disable_all_campaigns":false},"product_brand":[],"product_cat":[31],"product_tag":[],"class_list":{"0":"post-13107","1":"product","2":"type-product","3":"status-publish","4":"has-post-thumbnail","6":"product_cat-chameleonik","8":"first","9":"instock","10":"shipping-taxable","11":"product-type-simple"},"acf":[],"aioseo_notices":[],"_links":{"self":[{"href":"https:\/\/www.tempting.es\/ru\/wp-json\/wp\/v2\/product\/13107","targetHints":{"allow":["GET"]}}],"collection":[{"href":"https:\/\/www.tempting.es\/ru\/wp-json\/wp\/v2\/product"}],"about":[{"href":"https:\/\/www.tempting.es\/ru\/wp-json\/wp\/v2\/types\/product"}],"replies":[{"embeddable":true,"href":"https:\/\/www.tempting.es\/ru\/wp-json\/wp\/v2\/comments?post=13107"}],"wp:featuredmedia":[{"embeddable":true,"href":"https:\/\/www.tempting.es\/ru\/wp-json\/wp\/v2\/media\/13616"}],"wp:attachment":[{"href":"https:\/\/www.tempting.es\/ru\/wp-json\/wp\/v2\/media?parent=13107"}],"wp:term":[{"taxonomy":"product_brand","embeddable":true,"href":"https:\/\/www.tempting.es\/ru\/wp-json\/wp\/v2\/product_brand?post=13107"},{"taxonomy":"product_cat","embeddable":true,"href":"https:\/\/www.tempting.es\/ru\/wp-json\/wp\/v2\/product_cat?post=13107"},{"taxonomy":"product_tag","embeddable":true,"href":"https:\/\/www.tempting.es\/ru\/wp-json\/wp\/v2\/product_tag?post=13107"}],"curies":[{"name":"wp","href":"https:\/\/api.w.org\/{rel}","templated":true}]}}