{"id":9069,"date":"2022-03-18T17:05:08","date_gmt":"2022-03-18T17:05:08","guid":{"rendered":"https:\/\/www.tempting.es\/politica-privacidad\/"},"modified":"2022-03-18T17:05:08","modified_gmt":"2022-03-18T17:05:08","slug":"politica-privacidad","status":"publish","type":"page","link":"https:\/\/www.tempting.es\/ru\/politica-privacidad\/","title":{"rendered":"Pol\u00edtica de privacidad"},"content":{"rendered":"\t\t<div data-elementor-type=\"wp-page\" data-elementor-id=\"9069\" class=\"elementor elementor-9069 elementor-3\" data-elementor-post-type=\"page\">\n\t\t\t\t\t\t<section class=\"elementor-section elementor-top-section elementor-element elementor-element-9a47ad0 elementor-section-full_width elementor-section-height-default elementor-section-height-default\" data-id=\"9a47ad0\" data-element_type=\"section\" data-e-type=\"section\" data-settings=\"{&quot;background_background&quot;:&quot;classic&quot;}\">\n\t\t\t\t\t\t<div class=\"elementor-container elementor-column-gap-default\">\n\t\t\t\t\t<div class=\"elementor-column elementor-col-100 elementor-top-column elementor-element elementor-element-b7ef04f\" data-id=\"b7ef04f\" data-element_type=\"column\" data-e-type=\"column\">\n\t\t\t<div class=\"elementor-widget-wrap elementor-element-populated\">\n\t\t\t\t\t\t<div class=\"elementor-element elementor-element-9082417 elementor-invisible elementor-widget elementor-widget-heading\" data-id=\"9082417\" data-element_type=\"widget\" data-e-type=\"widget\" data-settings=\"{&quot;_animation&quot;:&quot;fadeInUp&quot;}\" data-widget_type=\"heading.default\">\n\t\t\t\t<div class=\"elementor-widget-container\">\n\t\t\t\t\t<h2 class=\"elementor-heading-title elementor-size-default\">Pol\u00edtica de Privacidad<\/h2>\t\t\t\t<\/div>\n\t\t\t\t<\/div>\n\t\t\t\t<div class=\"elementor-element elementor-element-e501d58 elementor-widget elementor-widget-text-editor\" data-id=\"e501d58\" data-element_type=\"widget\" data-e-type=\"widget\" data-widget_type=\"text-editor.default\">\n\t\t\t\t<div class=\"elementor-widget-container\">\n\t\t\t\t\t\t\t\t\t<p>El presente documento constituye la Pol\u00edtica de Privacidad de los datos tratados a trav\u00e9s de cualquiera de los formularios de la Web www.tempting.es (en adelante, el \u201cSitio Web\u201d o la \u201cTienda Online\u201d). Para ser transparentes con el uso que hacemos de la informaci\u00f3n que nos facilitas, te explicamos para qu\u00e9 y c\u00f3mo tratamos tus datos de car\u00e1cter personal, cu\u00e1les son tus derechos y c\u00f3mo ejercerlos. Este documento incluye la Pol\u00edtica de Privacidad que se encuentra en vigor en cada momento, siendo obligaci\u00f3n del usuario del Sitio Web (en adelante, el \u201cUsuario\u201d) revisar dicho texto peri\u00f3dicamente para comprobar que est\u00e1 conforme con \u00e9l. Desde el momento que visita el Sitio Web, usted acepta las condiciones descritas en la presente Pol\u00edtica de Privacidad. Por favor, en caso de que no est\u00e9 de acuerdo con su contenido no siga navegando por el Sitio Web o no incluya informaci\u00f3n en los formularios.<\/p><p><strong>Responsable del tratamiento. <\/strong><\/p><p>El responsable del tratamiento de tus datos es PERICHE PROFESIONAL S.L.<\/p><p>CIF: B-63379291<\/p><p>Domicilio: Calle Industria, 18, Pol. Ind. Foinvasa, Moli d\u2019en Bisbe, Montcada i Reixac, 08110 (Barcelona)<\/p><p>Tel\u00e9fono: 935 751 315<\/p><p>Email: info@tempting.es<\/p><p>Responsable de Protecci\u00f3n de Datos: soporte@periche-profesional.com<\/p><p><strong>\u00bfCon qu\u00e9 finalidad tratamos sus datos?<\/strong><\/p><p>Podemos tratar su informaci\u00f3n personal con las siguientes finalidades:<\/p><ul><li>Poder gestionar sus compras a trav\u00e9s del Sitio Web. Esto puede incluir la necesidad de remitirle comunicaciones electr\u00f3nicas o ponernos en contacto con usted por alguno de los medios que nos haya indicado al efecto.<\/li><li>Atender y seguir las consultas y solicitudes que usted nos dirija a trav\u00e9s de nuestro formulario de contacto.<\/li><li>Gestionar el env\u00edo de comunicaciones comerciales o newsletters a trav\u00e9s de cualquier canal, incluyendo medios electr\u00f3nicos (tales como correo electr\u00f3nico y notificaciones web) sobre noticias, eventos propios o de terceros, servicios, ofertas y promociones relacionadas con las actividades desarrolladas por Tempting Professional.<\/li><li>Cumplir con las obligaciones legales que nos sean de aplicaci\u00f3n.<\/li><\/ul><p>Los datos que le solicitamos en el proceso de compra son necesarios para la tramitaci\u00f3n de los pedidos, por lo que, en caso de que no desee facilitarlos, no podremos cursar su pedido.<\/p><p><strong>Legitimaci\u00f3n del tratamiento<\/strong><\/p><p>La base legal para el tratamiento de sus datos con el fin de gestionar sus compras a trav\u00e9s del Sitio Web es la relaci\u00f3n contractual establecida al haber adquirido productos del Sitio Web, as\u00ed como el cumplimiento de las obligaciones mercantiles, fiscales y contables que nos correspondan derivadas del mismo.<\/p><p>La base legal para el tratamiento de sus datos con el fin de atender sus solicitudes o consultas, as\u00ed como proporcionarle informaci\u00f3n de los productos comercializados por Tempting Professional y\/o nuestra newsletter es su consentimiento, prestado al rellenar los formularios habilitados al efecto en el Sitio Web y marcar la correspondiente casilla.<\/p><p>As\u00ed mismo, podremos remitirle comunicaciones comerciales sobre productos similares a aquellos que haya adquirido y que puedan ser de su inter\u00e9s ampar\u00e1ndonos en nuestro inter\u00e9s leg\u00edtimo a que conozca dichos productos y fidelizar su relaci\u00f3n con Tempting Professional. Puede darse de baja de dichas comunicaciones en cualquier momento en la forma que se le indica en las mismas.<\/p><p><strong>Periodo de conservaci\u00f3n de datos<\/strong><\/p><p>En caso de que el tratamiento est\u00e9 basado en su consentimiento, conservaremos los datos mientras no solicite su supresi\u00f3n. Los datos para la tramitaci\u00f3n de los pedidos se conservar\u00e1n mientras resulte necesario para cursarlos, as\u00ed como mientras resulte necesario para el cumplimiento de las obligaciones legales que nos resulten de aplicaci\u00f3n.<\/p><p>Cabe mencionar que, si solicita la supresi\u00f3n sus datos personales o revoca su consentimiento, estos podr\u00e1n conservarse bloqueados en nuestras bases de datos durante los plazos previstos por la legislaci\u00f3n para poder cumplir con las obligaciones fiscales y contables, y ser\u00e1n eliminados una vez hayan prescrito los plazos legales que sean de aplicaci\u00f3n.<\/p><p><strong>Comunicaci\u00f3n de tus datos <\/strong><\/p><p>No compartiremos sus datos personales con terceros salvo que:<\/p><ul><li>Exista obligaci\u00f3n legal para\u00a0ello. En ese caso, podremos comunicar sus datos a las autoridades y entidades que as\u00ed nos lo requieran.<\/li><li>Sea necesario para la correcta prestaci\u00f3n de los servicios solicitados por el Usuario. En este sentido, podr\u00e1n tener acceso a sus datos personales los encargados de tratamiento de PERICHE, es decir, los prestadores de servicios que tienen que acceder a sus datos personales para poder desarrollar las funciones para las que fueron contratados tales como proveedores de servicios de pago, almacenes, empaquetadores de pedidos y empresas de mensajer\u00eda. Adem\u00e1s, le informamos de que con estos prestadores de servicios se firman contratos de encargo de tratamiento que imponen las medidas de seguridad necesarias para garantizar la protecci\u00f3n de sus datos de acuerdo con la normativa vigente.<\/li><li>Usted lo haya consentido expresamente a trav\u00e9s de alguno de los canales de Tempting Professional.<\/li><\/ul><p>Le garantizamos que cuando sus datos pudieran salir del Espacio Econ\u00f3mico Europeo, mantendr\u00e1n el mismo nivel de protecci\u00f3n en base al cumplimiento de las disposiciones previstas en la normativa europea de protecci\u00f3n de datos. En este sentido, las transferencias internacionales de datos se realizar\u00e1n (i) a pa\u00edses con un adecuado nivel de protecci\u00f3n declarado por la Comisi\u00f3n Europea (ii) con base en la aportaci\u00f3n de garant\u00edas adecuadas tales como cl\u00e1usulas contractuales tipo o normas corporativas vinculantes, o (iii) en virtud de la autorizaci\u00f3n de la autoridad de control competente u otros supuestos previstos en la normativa.<\/p><p><strong>\u00bfCu\u00e1les son sus derechos?<\/strong><\/p><p>Tiene derecho a tener el control sobre su informaci\u00f3n personal y por tanto, tiene derecho a obtener el acceso a su informaci\u00f3n personal, as\u00ed como a solicitar la rectificaci\u00f3n de los datos inexactos o, en su caso, solicitar la supresi\u00f3n cuando, entre otros motivos, los datos ya no sean necesarios para los fines que fueron recogidos.<\/p><p>En determinadas circunstancias, y por motivos relacionados con su situaci\u00f3n particular, usted podr\u00e1 oponerse al tratamiento de sus datos. Su informaci\u00f3n personal dejar\u00e1 de tratarse para aquellas finalidades respecto de las que haya manifestado su oposici\u00f3n. De igual forma, puede ejercer el derecho de limitaci\u00f3n del tratamiento de su informaci\u00f3n personal, solicit\u00e1ndonos la conservaci\u00f3n de la misma. Tambi\u00e9n podr\u00e1 solicitar la portabilidad de sus datos a otro responsable de tratamiento.<\/p><p>Para ejercitar los derechos mencionados, puede enviarnos un correo electr\u00f3nico a soporte@periche-profesional.com adjuntando copia de su DNI y detalle del derecho que desea ejercitar. Asimismo, le informamos que puede solicitar la tutela de sus derechos ante la Agencia Espa\u00f1ola de Protecci\u00f3n de Datos con sede en la Calle de Jorge Juan, 6, 28001 Madrid, a trav\u00e9s de su p\u00e1gina web <a href=\"http:\/\/www.aepd.es\/\">www.aepd.es<\/a><\/p>\t\t\t\t\t\t\t\t<\/div>\n\t\t\t\t<\/div>\n\t\t\t\t\t<\/div>\n\t\t<\/div>\n\t\t\t\t\t<\/div>\n\t\t<\/section>\n\t\t\t\t<\/div>\n\t\t","protected":false},"excerpt":{"rendered":"<p>Pol\u00edtica de Privacidad El presente documento constituye la Pol\u00edtica de Privacidad de los datos tratados a trav\u00e9s de cualquiera de los formularios de la Web www.tempting.es (en adelante, el \u201cSitio Web\u201d o la \u201cTienda Online\u201d). Para ser transparentes con el uso que hacemos de la informaci\u00f3n que nos facilitas, te explicamos para qu\u00e9 y c\u00f3mo [&hellip;]<\/p>\n","protected":false},"author":6,"featured_media":0,"parent":0,"menu_order":0,"comment_status":"closed","ping_status":"open","template":"elementor_header_footer","meta":{"_acf_changed":false,"om_disable_all_campaigns":false,"footnotes":""},"class_list":["post-9069","page","type-page","status-publish","hentry"],"acf":[],"aioseo_notices":[],"_links":{"self":[{"href":"https:\/\/www.tempting.es\/ru\/wp-json\/wp\/v2\/pages\/9069","targetHints":{"allow":["GET"]}}],"collection":[{"href":"https:\/\/www.tempting.es\/ru\/wp-json\/wp\/v2\/pages"}],"about":[{"href":"https:\/\/www.tempting.es\/ru\/wp-json\/wp\/v2\/types\/page"}],"author":[{"embeddable":true,"href":"https:\/\/www.tempting.es\/ru\/wp-json\/wp\/v2\/users\/6"}],"replies":[{"embeddable":true,"href":"https:\/\/www.tempting.es\/ru\/wp-json\/wp\/v2\/comments?post=9069"}],"version-history":[{"count":0,"href":"https:\/\/www.tempting.es\/ru\/wp-json\/wp\/v2\/pages\/9069\/revisions"}],"wp:attachment":[{"href":"https:\/\/www.tempting.es\/ru\/wp-json\/wp\/v2\/media?parent=9069"}],"curies":[{"name":"wp","href":"https:\/\/api.w.org\/{rel}","templated":true}]}}