{"id":8953,"date":"2022-03-26T00:23:31","date_gmt":"2022-03-26T00:23:31","guid":{"rendered":"https:\/\/www.tempting.es\/ambrosia\/"},"modified":"2024-07-26T07:40:31","modified_gmt":"2024-07-26T07:40:31","slug":"ambrosia","status":"publish","type":"page","link":"https:\/\/www.tempting.es\/ru\/ambrosia\/","title":{"rendered":"Ambros\u00eda"},"content":{"rendered":"\t\t<div data-elementor-type=\"wp-page\" data-elementor-id=\"8953\" class=\"elementor elementor-8953 elementor-1250\" data-elementor-post-type=\"page\">\n\t\t\t\t\t\t<section class=\"elementor-section elementor-top-section elementor-element elementor-element-6806afb elementor-section-boxed elementor-section-height-default elementor-section-height-default\" data-id=\"6806afb\" data-element_type=\"section\" data-e-type=\"section\" data-settings=\"{&quot;background_background&quot;:&quot;classic&quot;}\">\n\t\t\t\t\t\t<div class=\"elementor-container elementor-column-gap-default\">\n\t\t\t\t\t<div class=\"elementor-column elementor-col-100 elementor-top-column elementor-element elementor-element-41e9793\" data-id=\"41e9793\" data-element_type=\"column\" data-e-type=\"column\" data-settings=\"{&quot;background_background&quot;:&quot;classic&quot;}\">\n\t\t\t<div class=\"elementor-widget-wrap elementor-element-populated\">\n\t\t\t\t\t\t<div class=\"elementor-element elementor-element-d85cb96 elementor-widget elementor-widget-image\" data-id=\"d85cb96\" data-element_type=\"widget\" data-e-type=\"widget\" data-widget_type=\"image.default\">\n\t\t\t\t<div class=\"elementor-widget-container\">\n\t\t\t\t\t\t\t\t\t\t\t\t\t\t\t<img fetchpriority=\"high\" decoding=\"async\" width=\"298\" height=\"300\" src=\"https:\/\/www.tempting.es\/wp-content\/uploads\/2022\/05\/Ambrosia-298x300.jpg\" class=\"attachment-medium size-medium wp-image-9056\" alt=\"\" srcset=\"https:\/\/www.tempting.es\/wp-content\/uploads\/2022\/05\/Ambrosia-298x300.jpg 298w, https:\/\/www.tempting.es\/wp-content\/uploads\/2022\/05\/Ambrosia-100x100.jpg 100w, https:\/\/www.tempting.es\/wp-content\/uploads\/2022\/05\/Ambrosia-1200x1209.jpg 1200w, https:\/\/www.tempting.es\/wp-content\/uploads\/2022\/05\/Ambrosia-1017x1024.jpg 1017w, https:\/\/www.tempting.es\/wp-content\/uploads\/2022\/05\/Ambrosia-150x150.jpg 150w, https:\/\/www.tempting.es\/wp-content\/uploads\/2022\/05\/Ambrosia-768x773.jpg 768w, https:\/\/www.tempting.es\/wp-content\/uploads\/2022\/05\/Ambrosia.jpg 1677w\" sizes=\"(max-width: 298px) 100vw, 298px\" \/>\t\t\t\t\t\t\t\t\t\t\t\t\t\t\t<\/div>\n\t\t\t\t<\/div>\n\t\t\t\t<div class=\"elementor-element elementor-element-19c9946 elementor-invisible elementor-widget elementor-widget-heading\" data-id=\"19c9946\" data-element_type=\"widget\" data-e-type=\"widget\" data-settings=\"{&quot;_animation&quot;:&quot;fadeInUp&quot;}\" data-widget_type=\"heading.default\">\n\t\t\t\t<div class=\"elementor-widget-container\">\n\t\t\t\t\t<h2 class=\"elementor-heading-title elementor-size-default\">AMBROSIA<\/h2>\t\t\t\t<\/div>\n\t\t\t\t<\/div>\n\t\t\t\t<div class=\"elementor-element elementor-element-a566bff elementor-invisible elementor-widget elementor-widget-text-editor\" data-id=\"a566bff\" data-element_type=\"widget\" data-e-type=\"widget\" data-settings=\"{&quot;_animation&quot;:&quot;fadeInUp&quot;}\" data-widget_type=\"text-editor.default\">\n\t\t\t\t<div class=\"elementor-widget-container\">\n\t\t\t\t\t\t\t\t\t<p>Estamos perfeccionando nuestras innovadoras l\u00edneas de nutricosm\u00e9tica.<\/p>\t\t\t\t\t\t\t\t<\/div>\n\t\t\t\t<\/div>\n\t\t\t\t\t<\/div>\n\t\t<\/div>\n\t\t\t\t\t<\/div>\n\t\t<\/section>\n\t\t\t\t<section class=\"elementor-section elementor-top-section elementor-element elementor-element-9640a04 elementor-section-full_width elementor-section-height-default elementor-section-height-default\" data-id=\"9640a04\" data-element_type=\"section\" data-e-type=\"section\" data-settings=\"{&quot;background_background&quot;:&quot;classic&quot;}\">\n\t\t\t\t\t\t<div class=\"elementor-container elementor-column-gap-default\">\n\t\t\t\t\t<div class=\"elementor-column elementor-col-50 elementor-top-column elementor-element elementor-element-5209003\" data-id=\"5209003\" data-element_type=\"column\" data-e-type=\"column\">\n\t\t\t<div class=\"elementor-widget-wrap elementor-element-populated\">\n\t\t\t\t\t\t<div class=\"elementor-element elementor-element-00585f8 elementor-align-right elementor-invisible elementor-widget elementor-widget-button\" data-id=\"00585f8\" data-element_type=\"widget\" data-e-type=\"widget\" id=\"btn-back\" data-settings=\"{&quot;_animation&quot;:&quot;fadeInUp&quot;}\" data-widget_type=\"button.default\">\n\t\t\t\t<div class=\"elementor-widget-container\">\n\t\t\t\t\t\t\t\t\t<div class=\"elementor-button-wrapper\">\n\t\t\t\t\t<a class=\"elementor-button elementor-button-link elementor-size-xs\" href=\"https:\/\/www.tempting.es\/rituales\/\">\n\t\t\t\t\t\t<span class=\"elementor-button-content-wrapper\">\n\t\t\t\t\t\t\t\t\t<span class=\"elementor-button-text\">ATR\u00c1S<\/span>\n\t\t\t\t\t<\/span>\n\t\t\t\t\t<\/a>\n\t\t\t\t<\/div>\n\t\t\t\t\t\t\t\t<\/div>\n\t\t\t\t<\/div>\n\t\t\t\t\t<\/div>\n\t\t<\/div>\n\t\t\t\t<div class=\"elementor-column elementor-col-50 elementor-top-column elementor-element elementor-element-b25f8dc\" data-id=\"b25f8dc\" data-element_type=\"column\" data-e-type=\"column\">\n\t\t\t<div class=\"elementor-widget-wrap elementor-element-populated\">\n\t\t\t\t\t\t<div class=\"elementor-element elementor-element-7832c59 elementor-align-left elementor-invisible elementor-widget elementor-widget-button\" data-id=\"7832c59\" data-element_type=\"widget\" data-e-type=\"widget\" data-settings=\"{&quot;_animation&quot;:&quot;fadeInUp&quot;}\" data-widget_type=\"button.default\">\n\t\t\t\t<div class=\"elementor-widget-container\">\n\t\t\t\t\t\t\t\t\t<div class=\"elementor-button-wrapper\">\n\t\t\t\t\t<a class=\"elementor-button elementor-button-link elementor-size-xs\" href=\"https:\/\/www.tempting.es\/\">\n\t\t\t\t\t\t<span class=\"elementor-button-content-wrapper\">\n\t\t\t\t\t\t\t\t\t<span class=\"elementor-button-text\">HOME<\/span>\n\t\t\t\t\t<\/span>\n\t\t\t\t\t<\/a>\n\t\t\t\t<\/div>\n\t\t\t\t\t\t\t\t<\/div>\n\t\t\t\t<\/div>\n\t\t\t\t\t<\/div>\n\t\t<\/div>\n\t\t\t\t\t<\/div>\n\t\t<\/section>\n\t\t\t\t<\/div>\n\t\t","protected":false},"excerpt":{"rendered":"<p>AMBROSIA Estamos perfeccionando nuestras innovadoras l\u00edneas de nutricosm\u00e9tica. ATR\u00c1S HOME<\/p>\n","protected":false},"author":6,"featured_media":0,"parent":0,"menu_order":0,"comment_status":"closed","ping_status":"closed","template":"elementor_theme","meta":{"_acf_changed":false,"om_disable_all_campaigns":false,"footnotes":""},"class_list":["post-8953","page","type-page","status-publish","hentry"],"acf":[],"aioseo_notices":[],"_links":{"self":[{"href":"https:\/\/www.tempting.es\/ru\/wp-json\/wp\/v2\/pages\/8953","targetHints":{"allow":["GET"]}}],"collection":[{"href":"https:\/\/www.tempting.es\/ru\/wp-json\/wp\/v2\/pages"}],"about":[{"href":"https:\/\/www.tempting.es\/ru\/wp-json\/wp\/v2\/types\/page"}],"author":[{"embeddable":true,"href":"https:\/\/www.tempting.es\/ru\/wp-json\/wp\/v2\/users\/6"}],"replies":[{"embeddable":true,"href":"https:\/\/www.tempting.es\/ru\/wp-json\/wp\/v2\/comments?post=8953"}],"version-history":[{"count":10,"href":"https:\/\/www.tempting.es\/ru\/wp-json\/wp\/v2\/pages\/8953\/revisions"}],"predecessor-version":[{"id":14816,"href":"https:\/\/www.tempting.es\/ru\/wp-json\/wp\/v2\/pages\/8953\/revisions\/14816"}],"wp:attachment":[{"href":"https:\/\/www.tempting.es\/ru\/wp-json\/wp\/v2\/media?parent=8953"}],"curies":[{"name":"wp","href":"https:\/\/api.w.org\/{rel}","templated":true}]}}