{"id":8794,"date":"2022-04-27T01:51:49","date_gmt":"2022-04-27T01:51:49","guid":{"rendered":"https:\/\/www.tempting.es\/aviso-legal\/"},"modified":"2022-07-06T16:20:38","modified_gmt":"2022-07-06T16:20:38","slug":"aviso-legal","status":"publish","type":"page","link":"https:\/\/www.tempting.es\/ru\/aviso-legal\/","title":{"rendered":"Aviso Legal"},"content":{"rendered":"\t\t<div data-elementor-type=\"wp-page\" data-elementor-id=\"8794\" class=\"elementor elementor-8794 elementor-4957\" data-elementor-post-type=\"page\">\n\t\t\t\t\t\t<section class=\"elementor-section elementor-top-section elementor-element elementor-element-ebc5bb1 elementor-section-full_width elementor-section-height-default elementor-section-height-default\" data-id=\"ebc5bb1\" data-element_type=\"section\" data-e-type=\"section\" data-settings=\"{&quot;background_background&quot;:&quot;classic&quot;}\">\n\t\t\t\t\t\t<div class=\"elementor-container elementor-column-gap-default\">\n\t\t\t\t\t<div class=\"elementor-column elementor-col-100 elementor-top-column elementor-element elementor-element-a6b1d39\" data-id=\"a6b1d39\" data-element_type=\"column\" data-e-type=\"column\">\n\t\t\t<div class=\"elementor-widget-wrap elementor-element-populated\">\n\t\t\t\t\t\t<div class=\"elementor-element elementor-element-a31c9fa elementor-invisible elementor-widget elementor-widget-heading\" data-id=\"a31c9fa\" data-element_type=\"widget\" data-e-type=\"widget\" data-settings=\"{&quot;_animation&quot;:&quot;fadeInUp&quot;}\" data-widget_type=\"heading.default\">\n\t\t\t\t<div class=\"elementor-widget-container\">\n\t\t\t\t\t<h2 class=\"elementor-heading-title elementor-size-default\">Aviso Legal<\/h2>\t\t\t\t<\/div>\n\t\t\t\t<\/div>\n\t\t\t\t<div class=\"elementor-element elementor-element-40ef9aa elementor-widget elementor-widget-text-editor\" data-id=\"40ef9aa\" data-element_type=\"widget\" data-e-type=\"widget\" data-widget_type=\"text-editor.default\">\n\t\t\t\t<div class=\"elementor-widget-container\">\n\t\t\t\t\t\t\t\t\t<p>Informaci\u00f3n General Requerida por el Art\u00edculo 10 de la Ley 34\/2002, de 11 de Julio, de Servicios de la Sociedad de la Informaci\u00f3n y de Comercio Electr\u00f3nico<\/p><p><strong>Datos identificativos<\/strong><\/p><p><em>\u00ab<\/em>www.tempting.es<em>\u00bb <\/em>(en adelante, \u201cla <em>web<\/em>\u201d) es propiedad de PERICHE PROFESIONAL S.L. (en adelante, \u201cPERICHE\u201d o el \u201cTitular\u201d), sociedad limitada espa\u00f1ola con C.I.F. B63379291, inscrita en el registro mercantil de Barcelona, Tomo 36191, Folio 75, Hoja B280295, con domicilio en La Ind\u00fastria (Pol. Ind. Foinvasa), 18, 08110 Montcada I Reixac (Barcelona) y cuenta email info@tempting.es<\/p><p>PERICHE PROFESIONAL, S.L. es una empresa dedicada a la fabricaci\u00f3n, distribuci\u00f3n y venta de cosm\u00e9tica capilar.<\/p><p><strong>\u00c1mbito de aplicaci\u00f3n<\/strong><\/p><p>Este portal tiene como objeto dar a conocer al p\u00fablico la marca Tempting Professional y los servicios que ofrece, as\u00ed como ofrecer sus productos a los Usuarios en venta <em>online<\/em>. El acceso a este sitio <em>web<\/em> se realiza de forma libre y gratuita, pero implica la expresa y plena aceptaci\u00f3n de sus Condiciones Generales (esto es, las condiciones contenidas en este documento, en los T\u00e9rminos de Compra y en las Pol\u00edticas de Privacidad de la <em>web<\/em>). El Titular se reserva el derecho a limitar el acceso para determinados contenidos o servicios.<\/p><p><strong>Propiedad intelectual<\/strong><\/p><p>Este sitio <em>web<\/em> y todos sus contenidos, incluyendo textos, im\u00e1genes, gr\u00e1ficos, programaci\u00f3n, dise\u00f1o y c\u00f3digo fuente, est\u00e1n protegidos por derechos de propiedad intelectual e industrial. Queda prohibida, por tanto, su copia, reproducci\u00f3n, distribuci\u00f3n, comunicaci\u00f3n p\u00fablica y transformaci\u00f3n. Todos los derechos est\u00e1n reservados y los nombres comerciales, marcas o signos distintivos contenidos en ella est\u00e1n protegidos por la ley.<\/p><p>Asimismo, todo el material anunciado y ofertado para compra en la <em>web<\/em> forma parte de la actividad comercial de Tempting Professional. El dise\u00f1o y f\u00f3rmula de todos los productos pertenece al Titular y sus derechos de propiedad intelectual e industrial est\u00e1n plenamente protegidos. Queda prohibida, por ello, su copia, transformaci\u00f3n, distribuci\u00f3n y cualquier otra acci\u00f3n que atente contra los citados derechos.<\/p><p>El Usuario podr\u00e1 hacer uso de dicho material \u00fanicamente en la forma en que se lo autorice expresamente PERICHE o quienes le otorgaron licencia para su uso. Esto no le impedir\u00e1 utilizar esta p\u00e1gina <em>web<\/em> en la medida necesaria para copiar la informaci\u00f3n sobre su pedido o datos de Contacto.<\/p><p>Asimismo, todos los signos distintivos que aparecen en la <em>web<\/em> son titularidad de PERICHE, y se encuentran debidamente registrados, quedando prohibida su reproducci\u00f3n o distribuci\u00f3n bajo ning\u00fan medio, sin la debida, previa y expresa autorizaci\u00f3n de su titular PERICHE que se reserva el derecho a modificar unilateralmente la presentaci\u00f3n y configuraci\u00f3n de la <em>web<\/em>, los contenidos e informaciones.<\/p><p><strong>Contenido y Condiciones de Uso<\/strong><\/p><p>Los contenidos incluidos en la <em>web<\/em> se facilitan \u00fanicamente a consumidores y usuarios finales. Cualquier uso no autorizado queda prohibido salvo que se cuente con la previa autorizaci\u00f3n escrita de PERICHE.<\/p><p>PERICHE se reserva el derecho a interrumpir el acceso a toda o a parte de la <em>web <\/em>en cualquier momento y sin previo aviso, ya sea por motivos t\u00e9cnicos, de seguridad, de control, de mantenimiento, por fallos de suministro el\u00e9ctrico o por cualquier otra causa. En consecuencia, no se garantiza la disponibilidad ni la continuidad de la <em>web <\/em>ni de los contenidos.<\/p><p>PERICHE no ser\u00e1 responsable en caso de que existan interrupciones del servicio, demoras, errores, mal funcionamiento del mismo y, en general, dem\u00e1s inconvenientes que tengan su origen en causas que escapan su control.<\/p><p>PERICHE no se responsabiliza, en ning\u00fan caso, de los da\u00f1os y perjuicios de cualquier naturaleza que pudieran ocasionar la falta de disponibilidad del portal, la transmisi\u00f3n de virus o programas maliciosos o lesivos en los contenidos, a pesar de haber adoptado todas las medidas tecnol\u00f3gicas para evitarlo, o del mal uso que se realice de ellos, siendo exclusiva responsabilidad de la persona que accede a ellos o los utilice.<\/p><p><strong>\u00a0<\/strong><\/p><p><strong>Normas comunes de uso de la web<\/strong><\/p><p>El usuario se compromete a hacer un uso de la <em>web<\/em> de acuerdo a las siguientes normas:<\/p><ul><li>No publicar\u00e1 comunicaciones comerciales a trav\u00e9s del sitio <em>web<\/em>.<\/li><li>No recopilar\u00e1 contenido o informaci\u00f3n de otros usuarios.<\/li><li>No cargar\u00e1 virus ni c\u00f3digo malintencionado de ning\u00fan tipo.<\/li><li>No solicitar\u00e1 informaci\u00f3n de inicio de sesi\u00f3n ni acceder\u00e1 a una cuenta perteneciente a otro usuario.<\/li><li>No molestar\u00e1, intimidar\u00e1 ni acosar\u00e1 a ning\u00fan usuario.<\/li><li>No realizar\u00e1 actos il\u00edcitos, enga\u00f1osos, malintencionados o discriminatorios en el sitio web, de acuerdo a estas condiciones y al ordenamiento jur\u00eddico espa\u00f1ol.<\/li><li>No har\u00e1 nada que pueda poner en peligro la seguridad de su cuenta, especialmente respecto a su contrase\u00f1a. Comunicar\u00e1 cualquier incidencia relacionada con su contrase\u00f1a, cuenta, vulneraci\u00f3n de la confidencialidad de tus datos, peligro o amenaza detectada en la seguridad de sus datos.<\/li><li>As\u00ed mismo, no tratar\u00e1 de tener acceso no autorizado a esta p\u00e1gina <em>web<\/em>, al servidor en que dicha p\u00e1gina se encuentra alojada o a cualquier servidor, ordenador o base de datos relacionada con nuestra p\u00e1gina <em>web<\/em>. Igualmente se compromete a no atacar esta p\u00e1gina <em>web<\/em> a trav\u00e9s de un ataque de denegaci\u00f3n de servicio o de un ataque de denegaci\u00f3n de servicio distribuido.<\/li><\/ul><p><strong>Enlaces<\/strong><\/p><p>En el caso de disponer la <em>web<\/em> de enlaces hacia otros sitios de Internet, PERICHE no ejercer\u00e1 ning\u00fan tipo de control sobre dichos sitios y contenidos y no asume responsabilidad alguna por la informaci\u00f3n contenida en ellos. La presencia de enlaces o <em>links<\/em> en la p\u00e1gina tiene una finalidad meramente informativa y en ning\u00fan caso supone sugerencia, invitaci\u00f3n o recomendaci\u00f3n sobre los mismos ni implica ning\u00fan tipo de asociaci\u00f3n, fusi\u00f3n o participaci\u00f3n con las entidades conectadas.<\/p><p><strong>Intercambio o difusi\u00f3n de informaci\u00f3n<\/strong><\/p><p>El propietario declina toda responsabilidad sobre las opiniones vertidas por los usuarios a trav\u00e9s de su p\u00e1gina <em>web<\/em> o del intercambio de informaci\u00f3n entre los usuarios a trav\u00e9s de ella, siendo la responsabilidad de las manifestaciones difundidas de quienes las realizan.<\/p><p><strong>Comunicaciones por escrito<\/strong><\/p><p>La normativa aplicable exige que parte de la informaci\u00f3n o comunicaciones que se le env\u00eden sean por escrito. Como usuario de esta p\u00e1gina <em>web<\/em>, usted acepta que la mayor parte de dichas comunicaciones sean electr\u00f3nica, a trav\u00e9s del contacto directo con usted por correo electr\u00f3nico o facilit\u00e1ndole la informaci\u00f3n mediante avisos en esta p\u00e1gina <em>web<\/em>. A efectos contractuales, usted consiente en usar este medio electr\u00f3nico de comunicaci\u00f3n y reconoce que todo contrato, notificaci\u00f3n, informaci\u00f3n y dem\u00e1s comunicaciones que se le env\u00eden de forma electr\u00f3nica cumplen con los requisitos legales de ser por escrito. Esta condici\u00f3n no afectar\u00e1 a sus derechos reconocidos por ley.<\/p><p><strong>Obligaciones del Usuario<\/strong><\/p><p>El Usuario se compromete a aceptar todas las disposiciones y condiciones recogidas en las presentes Condiciones Generales (T\u00e9rminos de Compra, Aviso Legal y Pol\u00edticas de Privacidad de la <em>web<\/em> entendiendo que recogen la mejor voluntad de servicio posible para el tipo de actividad que desarrolla PERICHE.<\/p><p>Asimismo, se compromete a guardar de forma confidencial y con la m\u00e1xima diligencia sus claves de acceso personal a nuestro sitio <em>web<\/em>.<\/p><p><strong>\u00a0<\/strong><\/p><p><strong>Seguridad, confidencialidad y pol\u00edtica de protecci\u00f3n de datos<\/strong><\/p><p>Si en la <em>web <\/em>se recabaran datos personales, el Titular ser\u00e1 responsable de los mismos y los tratar\u00e1 con absoluta confidencialidad y seguridad. Podr\u00e1 encontrar m\u00e1s informaci\u00f3n sobre nuestra Pol\u00edtica de Privacidad y <em>cookies<\/em> en la p\u00e1gina espec\u00edfica de informaci\u00f3n sobre esta cuesti\u00f3n.<\/p><p><strong>Comentarios, Sugerencias, Quejas y Reclamaciones<\/strong><\/p><p>Sus comentarios y sugerencias ser\u00e1n bien recibidos. Le rogamos que nos env\u00ede tales comentarios y sugerencias, as\u00ed como cualquier consulta, queja o reclamaci\u00f3n, a trav\u00e9s de nuestro formulario de contacto, o de la direcci\u00f3n postal o de correo electr\u00f3nico indicados en el presente Aviso Legal.<\/p><p>Adem\u00e1s, tenemos hojas oficiales de reclamaci\u00f3n a disposici\u00f3n de los consumidores y usuarios. Puede solicitarlas a trav\u00e9s de nuestro formulario de contacto. Sus quejas y reclamaciones ante nuestro servicio de atenci\u00f3n al Usuario ser\u00e1n atendidas en el plazo m\u00e1s breve posible y, en todo caso, en el plazo legalmente establecido. Asimismo, quedar\u00e1n registradas con una clave identificativa que pondremos en su conocimiento y le permitir\u00e1 hacer seguimiento de las mismas.<\/p><p>Por favor, tenga en cuenta que en el supuesto de que su queja, sugerencia o reclamaci\u00f3n se deba a cuestiones de alergias, es preciso que sea indicada esta circunstancia en el asunto de su comunicaci\u00f3n, con los t\u00e9rminos \u201cGESTI\u00d3N ALERGIAS\u201d, a fin de que podamos tratar su comunicaci\u00f3n por separado, en virtud de las pautas establecidas sobre cosmetovigilancia por la legislaci\u00f3n aplicable.<\/p><p><strong>Legislaci\u00f3n aplicable, soluci\u00f3n de cuestiones controvertidas y foro competente<\/strong><\/p><p>El uso de la <em>web<\/em> se regir\u00e1 por la legislaci\u00f3n espa\u00f1ola. Cualquier controversia que surja o guarde relaci\u00f3n con el uso de la <em>web<\/em>, ser\u00e1 sometido a la jurisdicci\u00f3n no exclusiva de los Juzgados y Tribunales del municipio donde radica el domicilio social del Titular, salvo que la normativa en vigor o el c\u00f3digo de conducta establezca foro distinto.<\/p>\t\t\t\t\t\t\t\t<\/div>\n\t\t\t\t<\/div>\n\t\t\t\t\t<\/div>\n\t\t<\/div>\n\t\t\t\t\t<\/div>\n\t\t<\/section>\n\t\t\t\t<\/div>\n\t\t","protected":false},"excerpt":{"rendered":"<p>Aviso Legal Informaci\u00f3n General Requerida por el Art\u00edculo 10 de la Ley 34\/2002, de 11 de Julio, de Servicios de la Sociedad de la Informaci\u00f3n y de Comercio Electr\u00f3nico Datos identificativos \u00abwww.tempting.es\u00bb (en adelante, \u201cla web\u201d) es propiedad de PERICHE PROFESIONAL S.L. (en adelante, \u201cPERICHE\u201d o el \u201cTitular\u201d), sociedad limitada espa\u00f1ola con C.I.F. B63379291, inscrita [&hellip;]<\/p>\n","protected":false},"author":6,"featured_media":0,"parent":0,"menu_order":0,"comment_status":"closed","ping_status":"closed","template":"elementor_header_footer","meta":{"_acf_changed":false,"om_disable_all_campaigns":false,"footnotes":""},"class_list":["post-8794","page","type-page","status-publish","hentry"],"acf":[],"aioseo_notices":[],"_links":{"self":[{"href":"https:\/\/www.tempting.es\/ru\/wp-json\/wp\/v2\/pages\/8794","targetHints":{"allow":["GET"]}}],"collection":[{"href":"https:\/\/www.tempting.es\/ru\/wp-json\/wp\/v2\/pages"}],"about":[{"href":"https:\/\/www.tempting.es\/ru\/wp-json\/wp\/v2\/types\/page"}],"author":[{"embeddable":true,"href":"https:\/\/www.tempting.es\/ru\/wp-json\/wp\/v2\/users\/6"}],"replies":[{"embeddable":true,"href":"https:\/\/www.tempting.es\/ru\/wp-json\/wp\/v2\/comments?post=8794"}],"version-history":[{"count":1,"href":"https:\/\/www.tempting.es\/ru\/wp-json\/wp\/v2\/pages\/8794\/revisions"}],"predecessor-version":[{"id":8801,"href":"https:\/\/www.tempting.es\/ru\/wp-json\/wp\/v2\/pages\/8794\/revisions\/8801"}],"wp:attachment":[{"href":"https:\/\/www.tempting.es\/ru\/wp-json\/wp\/v2\/media?parent=8794"}],"curies":[{"name":"wp","href":"https:\/\/api.w.org\/{rel}","templated":true}]}}