{"id":8788,"date":"2022-04-27T01:53:03","date_gmt":"2022-04-27T01:53:03","guid":{"rendered":"https:\/\/www.tempting.es\/politica-de-cookies\/"},"modified":"2022-04-27T01:53:03","modified_gmt":"2022-04-27T01:53:03","slug":"politica-de-cookies","status":"publish","type":"page","link":"https:\/\/www.tempting.es\/ru\/politica-de-cookies\/","title":{"rendered":"Pol\u00edtica de Cookies"},"content":{"rendered":"\t\t<div data-elementor-type=\"wp-page\" data-elementor-id=\"8788\" class=\"elementor elementor-8788 elementor-4960\" data-elementor-post-type=\"page\">\n\t\t\t\t\t\t<section class=\"elementor-section elementor-top-section elementor-element elementor-element-6c530b1 elementor-section-full_width elementor-section-height-default elementor-section-height-default\" data-id=\"6c530b1\" data-element_type=\"section\" data-e-type=\"section\" data-settings=\"{&quot;background_background&quot;:&quot;classic&quot;}\">\n\t\t\t\t\t\t<div class=\"elementor-container elementor-column-gap-default\">\n\t\t\t\t\t<div class=\"elementor-column elementor-col-100 elementor-top-column elementor-element elementor-element-0d3d401\" data-id=\"0d3d401\" data-element_type=\"column\" data-e-type=\"column\">\n\t\t\t<div class=\"elementor-widget-wrap elementor-element-populated\">\n\t\t\t\t\t\t<div class=\"elementor-element elementor-element-0fbc80d elementor-invisible elementor-widget elementor-widget-heading\" data-id=\"0fbc80d\" data-element_type=\"widget\" data-e-type=\"widget\" data-settings=\"{&quot;_animation&quot;:&quot;fadeInUp&quot;}\" data-widget_type=\"heading.default\">\n\t\t\t\t<div class=\"elementor-widget-container\">\n\t\t\t\t\t<h2 class=\"elementor-heading-title elementor-size-default\">Pol\u00edtica de Cookies<\/h2>\t\t\t\t<\/div>\n\t\t\t\t<\/div>\n\t\t\t\t<div class=\"elementor-element elementor-element-0ea0c61 elementor-widget elementor-widget-text-editor\" data-id=\"0ea0c61\" data-element_type=\"widget\" data-e-type=\"widget\" data-widget_type=\"text-editor.default\">\n\t\t\t\t<div class=\"elementor-widget-container\">\n\t\t\t\t\t\t\t\t\t<p>Periche Profesional SL le informa a trav\u00e9s de la presente Pol\u00edtica de Cookies acerca de la utilizaci\u00f3n de dispositivos de almacenamiento y recuperaci\u00f3n de datos en equipos terminales de los Usuarios.<\/p><p><strong>1.- \u00bfQu\u00e9 son las cookies?<\/strong><\/p><p>Las cookies son archivos o ficheros que se descargan en el ordenador\/smartphone\/tablet del Usuario al acceder a determinadas p\u00e1ginas web y aplicaciones que permiten almacenar y recuperar informaci\u00f3n del Usuario.<\/p><p>Las cookies pueden servir para finalidades muy diversas como, por ejemplo, reconocerle como Usuario, obtener informaci\u00f3n sobre sus h\u00e1bitos de navegaci\u00f3n o personalizar la forma en que se muestra el contenido.<\/p><p><strong>2.- \u00bfQu\u00e9 cookies utilizamos?<\/strong><\/p><p>El Sitio Web utiliza los siguientes tipos de cookies, si bien una cookie puede estar incluida en m\u00e1s de una categor\u00eda:<\/p><p>&#8212; Cookies propias: Son aquellas que se env\u00edan al equipo terminal del usuario desde un equipo o dominio gestionado por Periche y desde el que se presta el servicio solicitado por el usuario.<\/p><p>&#8212; Cookies de terceros: Son aqu\u00e9llas que se env\u00edan al equipo terminal del Usuario desde un equipo o dominio que puede o no ser gestionado por Periche, pero su uso lo realiza otra entidad que trata los datos obtenidos trav\u00e9s de las cookies para sus propios fines. Las cookies propias se identifican en esta pol\u00edtica indicando que el titular es \u201cPeriche\u201d. Las restantes son titularidad de los terceros que aparezcan indicados en cada caso. Haciendo click sobre el nombre del tercero puede acceder a su respectiva pol\u00edtica de cookies, incluyendo las transferencias a terceros pa\u00edses que, en su caso, realiza.<\/p><p>&#8212; Cookies de sesi\u00f3n y permanentes: Las cookies de sesi\u00f3n est\u00e1n dise\u00f1adas para recabar y almacenar datos mientras el Usuario accede al Sitio Web. La informaci\u00f3n se conserva \u00fanicamente durante la sesi\u00f3n, y desaparece al terminar \u00e9sta. Las cookies persistentes, sin embargo, siguen almacenadas en el terminal por un tiempo determinado a\u00fan finalizada la sesi\u00f3n.<\/p><p>&#8212; Cookies t\u00e9cnicas: Estas cookies permiten que el Sitio Web funcione correctamente por lo que son esenciales para que el Usuario pueda usar todas las opciones del Sitio Web y pueda navegar y utilizar las funciones de la misma con normalidad.<\/p><p>&#8212; Cookies de preferencias o personalizaci\u00f3n: Son aqu\u00e9llas que permiten recordar informaci\u00f3n para que el usuario acceda al servicio con algunas caracter\u00edsticas que pueden diferenciar su experiencia de la de otros usuarios, como por ejemplo el idioma, el tipo de navegador a trav\u00e9s del cual accede al servicio, la configuraci\u00f3n regional desde donde accede al servicio, etc.<\/p><p>&#8212; Cookies anal\u00edticas o de medici\u00f3n: Son aqu\u00e9llas que permiten al responsable de las mismas, el seguimiento y an\u00e1lisis del comportamiento de los usuarios de los sitios web a los que est\u00e1n vinculadas, incluida la cuantificaci\u00f3n de los impactos de los anuncios, en su caso. La informaci\u00f3n recogida mediante este tipo de cookies se utiliza en la medici\u00f3n de la actividad del Sitio Web, y para la elaboraci\u00f3n de perfiles de navegaci\u00f3n de los Usuarios, con el fin de introducir mejoras en funci\u00f3n del an\u00e1lisis de los datos de uso que hacen los Usuarios del servicio.<\/p><p>A continuaci\u00f3n, se detallan las cookies que se utilizan en el Sitio Web:<\/p><p>\u00a0<\/p><table class=\"legales\" width=\"100%\"><tbody><tr><th width=\"28%\">Cookie<\/th><th width=\"23%\"><p>Titular<\/p><p>(\u00bfQui\u00e9n utiliza la cookie, adem\u00e1s de Periche?)<\/p><\/th><th width=\"28%\">Finalidad<\/th><th width=\"19%\"><p>Duraci\u00f3n<\/p><p>(Periodo de Conservaci\u00f3n)<\/p><\/th><\/tr><tr><td width=\"28%\">_icl_current_language<\/td><td width=\"23%\">Periche<\/td><td width=\"28%\">Determina las preferencias de idioma del usuario<\/td><td width=\"19%\">1 d\u00eda<\/td><\/tr><tr><td width=\"28%\">\u00a0<\/td><td width=\"23%\">\u00a0<\/td><td width=\"28%\">\u00a0<\/td><td width=\"19%\">\u00a0<\/td><\/tr><tr><td width=\"28%\">\u00a0<\/td><td width=\"23%\">\u00a0<\/td><td width=\"28%\">\u00a0<\/td><td width=\"19%\">\u00a0<\/td><\/tr><tr><td width=\"28%\">\u00a0<\/td><td width=\"23%\">\u00a0<\/td><td width=\"28%\">\u00a0<\/td><td width=\"19%\">\u00a0<\/td><\/tr><tr><td width=\"28%\">\u00a0<\/td><td width=\"23%\">\u00a0<\/td><td width=\"28%\">\u00a0<\/td><td width=\"19%\">\u00a0<\/td><\/tr><tr><td width=\"28%\">\u00a0<\/td><td width=\"23%\">\u00a0<\/td><td width=\"28%\">\u00a0<\/td><td width=\"19%\">\u00a0<\/td><\/tr><\/tbody><\/table><h3>\u00a0<\/h3><p><strong>3.- \u00bfSe realizan transferencias internacionales de datos con el uso de cookies?<\/strong><\/p><p>La aceptaci\u00f3n de algunas de estas cookies puede suponer la transferencia de datos a pa\u00edses terceros necesaria para el funcionamiento de los servicios de nuestros proveedores. La base legal para dicha transferencia es su consentimiento, manifestado al consentir el uso de las cookies de que en cada caso se trate. En todo caso, las transferencias internacionales de datos se realizar\u00e1n a pa\u00edses con un adecuado nivel de protecci\u00f3n declarado por la Comisi\u00f3n Europea y\/o en base a la aportaci\u00f3n de garant\u00edas adecuadas tales como cl\u00e1usulas contractuales tipo (Art\u00edculos 45 y 46 del Reglamento General de Protecci\u00f3n de Datos).<\/p><p>\u00a0<\/p><p>Puede informarse de las transferencias a terceros pa\u00edses que, en su caso, realizan los terceros identificados en esta pol\u00edtica de cookies en sus correspondientes pol\u00edticas, accesibles en la tabla de cookies.<\/p><p>\u00a0<\/p><p><strong>4.- \u00bfC\u00f3mo deshabilitar las cookies?<\/strong><\/p><p>Todos los navegadores permiten hacer cambios para desactivar la configuraci\u00f3n de las cookies. Este es el motivo por el que la mayor\u00eda de navegadores ofrecen la posibilidad de administrar las cookies, para obtener un control m\u00e1s preciso sobre la privacidad.<\/p><p>Si desea revocar su consentimiento informado respecto al uso de cookies enviadas desde el Sitio Web, o modificarlo, puede acceder al panel de configuraci\u00f3n de cookies o hacer los cambios a trav\u00e9s de la configuraci\u00f3n de su navegador, sin que ello impida al acceso a los contenidos.<\/p><p>Estos ajustes se encuentran ubicados en las &#171;opciones&#187; o &#171;preferencias&#187; del men\u00fa de su navegador. A continuaci\u00f3n, podr\u00e1 encontrar los links de cada navegador para deshabilitar las cookies siguiendo las instrucciones:<\/p><ul><li><strong>Internet Explorer<\/strong> (<a href=\"https:\/\/goo.gl\/iU2wh2\">https:\/\/goo.gl\/iU2wh2<\/a> )<ul><li>En el men\u00fa de herramientas, selecciones \u201cOpciones de Internet\u201d.<\/li><li>Haga clic en la pesta\u00f1a de privacidad.<\/li><li>Podr\u00e1 configurar la privacidad con un cursor con seis posiciones que le permite controlar la cantidad de cookies que se instalar\u00e1n: Bloquear todas las cookies, Alta, Media Alto, Media (nivel por defecto), Baja y Aceptar todas las cookies.<\/li><\/ul><\/li><\/ul><ul><li><strong>Mozilla Firefox<\/strong> (<a href=\"http:\/\/goo.gl\/QXWYmv\">http:\/\/goo.gl\/QXWYmv<\/a>)<ul><li>En la parte superior de la venta de Firefox hacer clic en el men\u00fa Herramientas.<\/li><li>Seleccionar Opciones.<\/li><li>Seleccionar el panel Privacidad.<\/li><li>En la opci\u00f3n Firefox podr\u00e1 elegir Usar una configuraci\u00f3n personalizada para el historial de para configurar las opciones.<\/li><\/ul><\/li><\/ul><ul><li><strong>Google Chrome<\/strong> (<a href=\"http:\/\/goo.gl\/fQnkSB\">http:\/\/goo.gl\/fQnkSB<\/a>)<ul><li>Hacer clic en el men\u00fa situado en la barra de herramientas.<\/li><li>Seleccionar Configuraci\u00f3n.<\/li><li>Hacer clic en Mostar opciones avanzadas.<\/li><li>En la selecci\u00f3n \u201cPrivacidad\u201d hacer clic en el bot\u00f3n Configuraci\u00f3n de contenido.<\/li><li>En la selecci\u00f3n de Cookies, se pueden configurar las opciones<\/li><\/ul><\/li><\/ul><ul><li><strong>Safari<\/strong> (<a href=\"https:\/\/goo.gl\/PCjEm3\">https:\/\/goo.gl\/PcjEm3<\/a>; <a href=\"https:\/\/goo.gl\/dQywEo)\">https:\/\/goo.gl\/dQywEo)<\/a><ul><li>En el men\u00fa de configuraci\u00f3n seleccione la opci\u00f3n de \u201cPreferencias\u201d.<\/li><li>Abra la pesta\u00f1a de privacidad.<\/li><li>Seleccione la opci\u00f3n que quiera de la secci\u00f3n de \u201cbloquear cookies\u201d.<\/li><li>Recuerde que ciertas funciones y la plena funcionalidad del Sitio Web pueden no estar disponibles despu\u00e9s de deshabilitar las cookies.<\/li><\/ul><\/li><\/ul><p>Para que los visitantes del Sitio Web tengan la posibilidad de evitar que Google Analytics utilice sus datos, Google ha desarrollado un complemento de inhabilitaci\u00f3n para navegadores de Google, disponible aqu\u00ed: https:\/\/tools.google.com\/dlpage\/gaoptout<\/p><p>\u00a0<\/p><h3>5.- Cookies en los dispositivos m\u00f3viles<\/h3><p>Periche tambi\u00e9n usa cookies u otros dispositivos de almacenamiento cuando el Usuario accede al Sitio Web desde dispositivos m\u00f3viles.<\/p><p>Al igual que sucede en los navegadores de ordenadores, los navegadores de los dispositivos m\u00f3viles permiten realizar cambios en las opciones o ajustes de privacidad para desactivar o eliminar las cookies.<\/p><p>Si desea modificar las opciones de privacidad siga las instrucciones especificadas por el desarrollador de su navegador para dispositivo m\u00f3vil.<\/p><p>A continuaci\u00f3n, podr\u00e1 encontrar algunos ejemplos de los links que le guiar\u00e1n para modificar las opciones de privacidad en su dispositivo m\u00f3vil:<\/p><p><strong>&#8212; IOS:<\/strong> (<a href=\"http:\/\/goo.gl\/61xevS\">http:\/\/goo.gl\/61xevS.<\/a>)<\/p><p><strong>&#8212; Windows Phone:<\/strong> (<a href=\"http:\/\/goo.gl\/tKyb0y\">http:\/\/goo.gl\/tKyb0y.<\/a>)<\/p><p><strong>&#8212; Chrome Mobile: <\/strong>(<a href=\"http:\/\/goo.gl\/XJp7N\">http:\/\/goo.gl\/XJp7N.<\/a>)<\/p><p><strong>&#8212; Opera Mobile:<\/strong> (<a href=\"http:\/\/goo.gl\/Nzr8s7\">http:\/\/goo.gl\/Nzr8s7.<\/a>)<\/p><p>\u00a0<\/p><p><strong>6.- Aceptaci\u00f3n, configuraci\u00f3n o rechazo de cookies y m\u00e1s informaci\u00f3n<\/strong><\/p><p>Puede hacer clic en el bot\u00f3n \u201cACEPTAR\u201d del banner de cookies para aceptar todas las cookies.<\/p><p>Puede hacer clic en el bot\u00f3n \u201cCONFIGURAR O RECHAZAR\u201d para configurar o rechazar las cookies.<\/p><p>Le informamos que en el caso de bloquear o no aceptar la instalaci\u00f3n de cookies, es posible que ciertos servicios no est\u00e9n disponibles sin la utilizaci\u00f3n de \u00e9stas o que no pueda acceder a determinados servicios ni tampoco aprovechar por completo todo lo que este Sitio Web le ofrece.<\/p><p>Acceda a m\u00e1s informaci\u00f3n sobre el tratamiento de sus datos y el ejercicio sus derechos, en nuestra <a href=\"https:\/\/www.tempting.es\/politica-privacidad\/\">Pol\u00edtica de Privacidad.<\/a><\/p><p>\u00a0<\/p>\t\t\t\t\t\t\t\t<\/div>\n\t\t\t\t<\/div>\n\t\t\t\t\t<\/div>\n\t\t<\/div>\n\t\t\t\t\t<\/div>\n\t\t<\/section>\n\t\t\t\t<\/div>\n\t\t","protected":false},"excerpt":{"rendered":"<p>Pol\u00edtica de Cookies Periche Profesional SL le informa a trav\u00e9s de la presente Pol\u00edtica de Cookies acerca de la utilizaci\u00f3n de dispositivos de almacenamiento y recuperaci\u00f3n de datos en equipos terminales de los Usuarios. 1.- \u00bfQu\u00e9 son las cookies? Las cookies son archivos o ficheros que se descargan en el ordenador\/smartphone\/tablet del Usuario al acceder [&hellip;]<\/p>\n","protected":false},"author":6,"featured_media":0,"parent":0,"menu_order":0,"comment_status":"closed","ping_status":"closed","template":"elementor_header_footer","meta":{"_acf_changed":false,"om_disable_all_campaigns":false,"footnotes":""},"class_list":["post-8788","page","type-page","status-publish","hentry"],"acf":[],"aioseo_notices":[],"_links":{"self":[{"href":"https:\/\/www.tempting.es\/ru\/wp-json\/wp\/v2\/pages\/8788","targetHints":{"allow":["GET"]}}],"collection":[{"href":"https:\/\/www.tempting.es\/ru\/wp-json\/wp\/v2\/pages"}],"about":[{"href":"https:\/\/www.tempting.es\/ru\/wp-json\/wp\/v2\/types\/page"}],"author":[{"embeddable":true,"href":"https:\/\/www.tempting.es\/ru\/wp-json\/wp\/v2\/users\/6"}],"replies":[{"embeddable":true,"href":"https:\/\/www.tempting.es\/ru\/wp-json\/wp\/v2\/comments?post=8788"}],"version-history":[{"count":0,"href":"https:\/\/www.tempting.es\/ru\/wp-json\/wp\/v2\/pages\/8788\/revisions"}],"wp:attachment":[{"href":"https:\/\/www.tempting.es\/ru\/wp-json\/wp\/v2\/media?parent=8788"}],"curies":[{"name":"wp","href":"https:\/\/api.w.org\/{rel}","templated":true}]}}