{"id":8567,"date":"2022-03-25T16:59:29","date_gmt":"2022-03-25T16:59:29","guid":{"rendered":"https:\/\/www.tempting.es\/ritual-oido\/"},"modified":"2026-01-20T18:29:29","modified_gmt":"2026-01-20T18:29:29","slug":"ritual-oido","status":"publish","type":"page","link":"https:\/\/www.tempting.es\/en\/ritual-oido\/","title":{"rendered":"Ritual of Hearing"},"content":{"rendered":"\t\t<div data-elementor-type=\"wp-page\" data-elementor-id=\"8567\" class=\"elementor elementor-8567\" data-elementor-post-type=\"page\">\n\t\t\t\t\t\t<section class=\"elementor-section elementor-top-section elementor-element elementor-element-490dc8a8 elementor-section-boxed elementor-section-height-default elementor-section-height-default\" data-id=\"490dc8a8\" data-element_type=\"section\" data-e-type=\"section\">\n\t\t\t\t\t\t<div class=\"elementor-container elementor-column-gap-default\">\n\t\t\t\t\t<div class=\"elementor-column elementor-col-100 elementor-top-column elementor-element elementor-element-2b4d0894\" data-id=\"2b4d0894\" data-element_type=\"column\" data-e-type=\"column\">\n\t\t\t<div class=\"elementor-widget-wrap elementor-element-populated\">\n\t\t\t\t\t\t<div class=\"elementor-element elementor-element-8a2a90 elementor-widget elementor-widget-text-editor\" data-id=\"8a2a90\" data-element_type=\"widget\" data-e-type=\"widget\" data-widget_type=\"text-editor.default\">\n\t\t\t\t<div class=\"elementor-widget-container\">\n\t\t\t\t\t\t\t\t\t<p><style>\/*! elementor - v3.7.7 - 20-09-2022 *\/<br \/>.elementor-widget-image{text-align:center}.elementor-widget-image a{display:inline-block}.elementor-widget-image a img[src$=\".svg\"]{width:48px}.elementor-widget-image img{vertical-align:middle;display:inline-block}<\/style>\n<\/p>\n<p><img fetchpriority=\"high\" decoding=\"async\" src=\"https:\/\/www.tempting.es\/wp-content\/uploads\/2022\/03\/Ritual-del-Oido-inicio.jpg\" sizes=\"(max-width: 1677px) 100vw, 1677px\" srcset=\"https:\/\/www.tempting.es\/wp-content\/uploads\/2022\/03\/Ritual-del-Oido-inicio.jpg 1677w, https:\/\/www.tempting.es\/wp-content\/uploads\/2022\/03\/Ritual-del-Oido-inicio-100x100.jpg 100w, https:\/\/www.tempting.es\/wp-content\/uploads\/2022\/03\/Ritual-del-Oido-inicio-1200x1209.jpg 1200w, https:\/\/www.tempting.es\/wp-content\/uploads\/2022\/03\/Ritual-del-Oido-inicio-298x300.jpg 298w, https:\/\/www.tempting.es\/wp-content\/uploads\/2022\/03\/Ritual-del-Oido-inicio-1017x1024.jpg 1017w, https:\/\/www.tempting.es\/wp-content\/uploads\/2022\/03\/Ritual-del-Oido-inicio-150x150.jpg 150w, https:\/\/www.tempting.es\/wp-content\/uploads\/2022\/03\/Ritual-del-Oido-inicio-768x773.jpg 768w\" alt=\"\" width=\"1677\" height=\"1689\" \/><\/p>\n<h2>RITUAL<br \/>DEL O\u00cdDO<\/h2>\n<p><strong>Vibra con tu mejor versi\u00f3n <\/strong><br \/><strong>y la de tu cabello<\/strong><\/p>\n<p>Con <strong>Tempting Emotions<\/strong> hemos desarrollado un Ritual del O\u00eddo para crear una <strong>experiencia musical<\/strong> en tu hogar y en el sal\u00f3n.<\/p>\n<p>Crea una atm\u00f3sfera de encuentro contigo mismo, mientras disfrutas de un relajante masaje sonoro que elevar\u00e1 tu estado de relajaci\u00f3n y ayudar\u00e1 a estimular los beneficios de los tratamientos. La atenci\u00f3n que te dedicar\u00e1s durante el tiempo que dura la m\u00fasica es un regalo que te recompensar\u00e1 con salud, bienestar y armon\u00eda.<\/p>\n<p><style>\/*! elementor - v3.7.7 - 20-09-2022 *\/<br \/>.elementor-widget-divider{--divider-border-style:none;--divider-border-width:1px;--divider-color:#2c2c2c;--divider-icon-size:20px;--divider-element-spacing:10px;--divider-pattern-height:24px;--divider-pattern-size:20px;--divider-pattern-url:none;--divider-pattern-repeat:repeat-x}.elementor-widget-divider .elementor-divider{display:-webkit-box;display:-ms-flexbox;display:flex}.elementor-widget-divider .elementor-divider__text{font-size:15px;line-height:1;max-width:95%}.elementor-widget-divider .elementor-divider__element{margin:0 var(--divider-element-spacing);-ms-flex-negative:0;flex-shrink:0}.elementor-widget-divider .elementor-icon{font-size:var(--divider-icon-size)}.elementor-widget-divider .elementor-divider-separator{display:-webkit-box;display:-ms-flexbox;display:flex;margin:0;direction:ltr}.elementor-widget-divider--view-line_icon .elementor-divider-separator,.elementor-widget-divider--view-line_text .elementor-divider-separator{-webkit-box-align:center;-ms-flex-align:center;align-items:center}.elementor-widget-divider--view-line_icon .elementor-divider-separator:after,.elementor-widget-divider--view-line_icon .elementor-divider-separator:before,.elementor-widget-divider--view-line_text .elementor-divider-separator:after,.elementor-widget-divider--view-line_text .elementor-divider-separator:before{display:block;content:\"\";border-bottom:0;-webkit-box-flex:1;-ms-flex-positive:1;flex-grow:1;border-top:var(--divider-border-width) var(--divider-border-style) var(--divider-color)}.elementor-widget-divider--element-align-left .elementor-divider .elementor-divider-separator>.elementor-divider__svg:first-of-type{-webkit-box-flex:0;-ms-flex-positive:0;flex-grow:0;-ms-flex-negative:100;flex-shrink:100}.elementor-widget-divider--element-align-left .elementor-divider-separator:before{content:none}.elementor-widget-divider--element-align-left .elementor-divider__element{margin-left:0}.elementor-widget-divider--element-align-right .elementor-divider .elementor-divider-separator>.elementor-divider__svg:last-of-type{-webkit-box-flex:0;-ms-flex-positive:0;flex-grow:0;-ms-flex-negative:100;flex-shrink:100}.elementor-widget-divider--element-align-right .elementor-divider-separator:after{content:none}.elementor-widget-divider--element-align-right .elementor-divider__element{margin-right:0}.elementor-widget-divider:not(.elementor-widget-divider--view-line_text):not(.elementor-widget-divider--view-line_icon) .elementor-divider-separator{border-top:var(--divider-border-width) var(--divider-border-style) var(--divider-color)}.elementor-widget-divider--separator-type-pattern{--divider-border-style:none}.elementor-widget-divider--separator-type-pattern.elementor-widget-divider--view-line .elementor-divider-separator,.elementor-widget-divider--separator-type-pattern:not(.elementor-widget-divider--view-line) .elementor-divider-separator:after,.elementor-widget-divider--separator-type-pattern:not(.elementor-widget-divider--view-line) .elementor-divider-separator:before,.elementor-widget-divider--separator-type-pattern:not([class*=elementor-widget-divider--view]) .elementor-divider-separator{width:100%;min-height:var(--divider-pattern-height);-webkit-mask-size:var(--divider-pattern-size) 100%;mask-size:var(--divider-pattern-size) 100%;-webkit-mask-repeat:var(--divider-pattern-repeat);mask-repeat:var(--divider-pattern-repeat);background-color:var(--divider-color);-webkit-mask-image:var(--divider-pattern-url);mask-image:var(--divider-pattern-url)}.elementor-widget-divider--no-spacing{--divider-pattern-size:auto}.elementor-widget-divider--bg-round{--divider-pattern-repeat:round}.rtl .elementor-widget-divider .elementor-divider__text{direction:rtl}.e-container>.elementor-widget-divider{width:var(--container-widget-width,100%);--flex-grow:var(--container-widget-flex-grow,0)}<\/style>\n<style>\/*! elementor - v3.7.7 - 20-09-2022 *\/<br \/>.elementor-heading-title{padding:0;margin:0;line-height:1}.elementor-widget-heading .elementor-heading-title[class*=elementor-size-]>a{color:inherit;font-size:inherit;line-height:inherit}.elementor-widget-heading .elementor-heading-title.elementor-size-small{font-size:15px}.elementor-widget-heading .elementor-heading-title.elementor-size-medium{font-size:19px}.elementor-widget-heading .elementor-heading-title.elementor-size-large{font-size:29px}.elementor-widget-heading .elementor-heading-title.elementor-size-xl{font-size:39px}.elementor-widget-heading .elementor-heading-title.elementor-size-xxl{font-size:59px}<\/style>\n<\/p>\n<h1>La m\u00fasica de nuestros tratamientos<\/h1>\n<p>Vive esta experiencia del Ritual del O\u00eddo y entra en el mundo vibracional de Delicatessen Nature. Escucha 15 segundos de la m\u00fasica de nuestros tratamientos.<\/p>\n<p>Para disfrutar de la terapia musical al completo utiliza el <strong>c\u00f3digo QR de los envases<\/strong> Delicatessen Nature.<\/p>\n<p><img decoding=\"async\" title=\"playlist-hidratacion\" src=\"https:\/\/www.tempting.es\/wp-content\/uploads\/elementor\/thumbs\/playlist-hidratacion-pme8xaj3vtyoltidl2nn0jn3bn1ukczz5g4936e1dk.jpg\" alt=\"playlist-hidratacion\" \/><\/p>\n<h4>HIDRATACI\u00d3N<\/h4>\n<p>Siente el agua filtr\u00e1ndose en tu cabello, el fino goteo de la lluvia como fuente de hidrataci\u00f3n y vida.<\/p>\n<p><a href=\"#\" data-mp3=\"https:\/\/www.tempting.es\/wp-content\/uploads\/2022\/06\/hidratacion15seg.mp3\">ESCUCHAR 15&#8243;<\/a><br \/><img decoding=\"async\" title=\"playlist-reparacion\" src=\"https:\/\/www.tempting.es\/wp-content\/uploads\/elementor\/thumbs\/playlist-reparacion-pme8xbgy2nzyxfh0fl29l1ejx0x7s23phkrqkgcn7c.jpg\" alt=\"playlist-reparacion\" \/><\/p>\n<h4>REPARACI\u00d3N<\/h4>\n<p>Cierra los ojos\u2026 D\u00e9jate llevar por el canto de los p\u00e1jaros y transp\u00f3rtate al estado de calma ideal para renovarte.<\/p>\n<p><a href=\"#\" data-mp3=\"https:\/\/www.tempting.es\/wp-content\/uploads\/2022\/06\/reparacion-15seg.mp3\">ESCUCHAR 15&#8243;<\/a><br \/><img decoding=\"async\" title=\"playlist-detox\" src=\"https:\/\/www.tempting.es\/wp-content\/uploads\/elementor\/thumbs\/playlist-detox-pme8x9l9ozxea7jqqk90g1vmq96hcnw8tbgrlwffjs.jpg\" alt=\"playlist-detox\" \/><\/p>\n<h4>DETOX<\/h4>\n<p>Disfruta de la agradable sensaci\u00f3n de la brisa fresca agitando el cabello para oxigenarlo y eliminar sus impurezas. <\/p>\n<p><a href=\"#\" data-mp3=\"https:\/\/www.tempting.es\/wp-content\/uploads\/2022\/06\/detox-15seg.mp3\">ESCUCHAR 15&#8243;<\/a><\/p>\n<h2>Xevi Compte<\/h2>\n<p>Los temas que componen el <strong>Ritual del O\u00eddo<\/strong> han sido creados por el musicoterapeuta Xevi Compte. Su particular <strong>Alquimia Musica<\/strong>l, aplicada en el Ritual, est\u00e1 creada para facilitar una experiencia de resonancia profunda con tu ser interior mientras dedicas unos minutos a cuidar de ti y de tu cabello.<\/p>\n<p>Cada una de los temas tiene las connotaciones musicales precisas para favorecer la <strong>hidrataci\u00f3n, la depuraci\u00f3n y la reparaci\u00f3n.<\/strong><\/p>\n<p><a href=\"https:\/\/www.tempting.es\/en\/colaboradores\/\"><br \/><img decoding=\"async\" src=\"https:\/\/www.tempting.es\/wp-content\/uploads\/2022\/03\/xavi-compte.jpg\" sizes=\"(max-width: 1677px) 100vw, 1677px\" srcset=\"https:\/\/www.tempting.es\/wp-content\/uploads\/2022\/03\/xavi-compte.jpg 1677w, https:\/\/www.tempting.es\/wp-content\/uploads\/2022\/03\/xavi-compte-100x100.jpg 100w, https:\/\/www.tempting.es\/wp-content\/uploads\/2022\/03\/xavi-compte-1200x1209.jpg 1200w, https:\/\/www.tempting.es\/wp-content\/uploads\/2022\/03\/xavi-compte-298x300.jpg 298w, https:\/\/www.tempting.es\/wp-content\/uploads\/2022\/03\/xavi-compte-1017x1024.jpg 1017w, https:\/\/www.tempting.es\/wp-content\/uploads\/2022\/03\/xavi-compte-150x150.jpg 150w, https:\/\/www.tempting.es\/wp-content\/uploads\/2022\/03\/xavi-compte-768x773.jpg 768w\" alt=\"\" width=\"1677\" height=\"1689\" \/> <\/a><\/p>\n<h2>Nuestros Rituales<\/h2>\n<p><a href=\"https:\/\/www.tempting.es\/en\/ritual-mirada\/\" target=\"_self\" rel=\"noopener\"><br \/><img decoding=\"async\" src=\"https:\/\/www.tempting.es\/wp-content\/uploads\/2022\/03\/Rituales-mirada.jpg\" \/><\/a><\/p>\n<\/p>\n<h3> <\/h3>\n<h4>Ritual<br \/>de la Mirada<\/h4>\n<p><a href=\"https:\/\/www.tempting.es\/en\/ritual-del-aroma\/\" target=\"_self\" rel=\"noopener\"><br \/><img decoding=\"async\" src=\"https:\/\/www.tempting.es\/wp-content\/uploads\/2022\/03\/Rituales-olfato.jpg\" \/><\/a><\/p>\n<\/p>\n<h3> <\/h3>\n<h4>Ritual<br \/>del Aroma<\/h4>\n<p><a href=\"https:\/\/www.tempting.es\/en\/ritual-del-tacto\/\" target=\"_self\" rel=\"noopener\"><br \/><img decoding=\"async\" src=\"https:\/\/www.tempting.es\/wp-content\/uploads\/2022\/03\/Rituales-tacto.jpg\" \/><\/a><\/p>\n<\/p>\n<h3> <\/h3>\n<h4>Ritual<br \/>del Tacto<\/h4>\n<p><a href=\"https:\/\/www.tempting.es\/en\/ritual-del-sabor\/\" target=\"_self\" rel=\"noopener\"><br \/><img decoding=\"async\" src=\"https:\/\/www.tempting.es\/wp-content\/uploads\/2022\/03\/Rituales-sabor.jpg\" \/><\/a><\/p>\n<\/p>\n<h3> <\/h3>\n<h4>Ritual<br \/>del Sabor<\/h4><\/p>\n\t\t\t\t\t\t\t\t<\/div>\n\t\t\t\t<\/div>\n\t\t\t\t\t<\/div>\n\t\t<\/div>\n\t\t\t\t\t<\/div>\n\t\t<\/section>\n\t\t\t\t<\/div>\n\t\t","protected":false},"excerpt":{"rendered":"<p>RITUALDEL O\u00cdDO Vibra con tu mejor versi\u00f3n y la de tu cabello Con Tempting Emotions hemos desarrollado un Ritual del O\u00eddo para crear una experiencia musical en tu hogar y en el sal\u00f3n. Crea una atm\u00f3sfera de encuentro contigo mismo, mientras disfrutas de un relajante masaje sonoro que elevar\u00e1 tu estado de relajaci\u00f3n y ayudar\u00e1 [&hellip;]<\/p>\n","protected":false},"author":6,"featured_media":0,"parent":0,"menu_order":0,"comment_status":"closed","ping_status":"closed","template":"elementor_header_footer","meta":{"_acf_changed":false,"om_disable_all_campaigns":false,"footnotes":""},"class_list":["post-8567","page","type-page","status-publish","hentry"],"acf":[],"aioseo_notices":[],"_links":{"self":[{"href":"https:\/\/www.tempting.es\/en\/wp-json\/wp\/v2\/pages\/8567","targetHints":{"allow":["GET"]}}],"collection":[{"href":"https:\/\/www.tempting.es\/en\/wp-json\/wp\/v2\/pages"}],"about":[{"href":"https:\/\/www.tempting.es\/en\/wp-json\/wp\/v2\/types\/page"}],"author":[{"embeddable":true,"href":"https:\/\/www.tempting.es\/en\/wp-json\/wp\/v2\/users\/6"}],"replies":[{"embeddable":true,"href":"https:\/\/www.tempting.es\/en\/wp-json\/wp\/v2\/comments?post=8567"}],"version-history":[{"count":108,"href":"https:\/\/www.tempting.es\/en\/wp-json\/wp\/v2\/pages\/8567\/revisions"}],"predecessor-version":[{"id":12710,"href":"https:\/\/www.tempting.es\/en\/wp-json\/wp\/v2\/pages\/8567\/revisions\/12710"}],"wp:attachment":[{"href":"https:\/\/www.tempting.es\/en\/wp-json\/wp\/v2\/media?parent=8567"}],"curies":[{"name":"wp","href":"https:\/\/api.w.org\/{rel}","templated":true}]}}