{"id":11927,"date":"2022-10-17T12:53:56","date_gmt":"2022-10-17T12:53:56","guid":{"rendered":"https:\/\/www.tempting.es\/quality-policy\/"},"modified":"2022-11-22T20:48:53","modified_gmt":"2022-11-22T20:48:53","slug":"quality-policy","status":"publish","type":"page","link":"https:\/\/www.tempting.es\/en\/quality-policy\/","title":{"rendered":"Quality Policy"},"content":{"rendered":"\t\t<div data-elementor-type=\"wp-page\" data-elementor-id=\"11927\" class=\"elementor elementor-11927 elementor-11900\" data-elementor-post-type=\"page\">\n\t\t\t\t\t\t<section class=\"elementor-section elementor-top-section elementor-element elementor-element-8214f86 elementor-section-boxed elementor-section-height-default elementor-section-height-default\" data-id=\"8214f86\" data-element_type=\"section\" data-e-type=\"section\" data-settings=\"{&quot;background_background&quot;:&quot;classic&quot;}\">\n\t\t\t\t\t\t<div class=\"elementor-container elementor-column-gap-default\">\n\t\t\t\t\t<div class=\"elementor-column elementor-col-100 elementor-top-column elementor-element elementor-element-fe4c8ff\" data-id=\"fe4c8ff\" data-element_type=\"column\" data-e-type=\"column\">\n\t\t\t<div class=\"elementor-widget-wrap elementor-element-populated\">\n\t\t\t\t\t\t<div class=\"elementor-element elementor-element-41b7941 elementor-widget elementor-widget-heading\" data-id=\"41b7941\" data-element_type=\"widget\" data-e-type=\"widget\" data-widget_type=\"heading.default\">\n\t\t\t\t<div class=\"elementor-widget-container\">\n\t\t\t\t\t<h2 class=\"elementor-heading-title elementor-size-default\">Pol\u00edtica de Calidad<\/h2>\t\t\t\t<\/div>\n\t\t\t\t<\/div>\n\t\t\t\t\t<\/div>\n\t\t<\/div>\n\t\t\t\t\t<\/div>\n\t\t<\/section>\n\t\t\t\t<section class=\"elementor-section elementor-top-section elementor-element elementor-element-d075b94 elementor-section-boxed elementor-section-height-default elementor-section-height-default\" data-id=\"d075b94\" data-element_type=\"section\" data-e-type=\"section\">\n\t\t\t\t\t\t<div class=\"elementor-container elementor-column-gap-default\">\n\t\t\t\t\t<div class=\"elementor-column elementor-col-100 elementor-top-column elementor-element elementor-element-cc1db49\" data-id=\"cc1db49\" data-element_type=\"column\" data-e-type=\"column\">\n\t\t\t<div class=\"elementor-widget-wrap elementor-element-populated\">\n\t\t\t\t\t\t<div class=\"elementor-element elementor-element-9f6c28f elementor-widget__width-initial elementor-widget elementor-widget-text-editor\" data-id=\"9f6c28f\" data-element_type=\"widget\" data-e-type=\"widget\" data-widget_type=\"text-editor.default\">\n\t\t\t\t<div class=\"elementor-widget-container\">\n\t\t\t\t\t\t\t\t\t<p>La Pol\u00edtica de Calidad de Periche Profesional establece, como principal requisito,\u00a0 la satisfacci\u00f3n de las expectativas de nuestros clientes, con la finalidad de conseguir una vinculaci\u00f3n estable y de colaboraci\u00f3n.<\/p>\n<p>Las expectativas de los clientes requieren tanto el cumplimiento de sus requisitos como los establecidos por la propias organizaci\u00f3n, tanto los relacionados con el producto, como los relacionados con el servicio.<\/p>\n<p>Para ello, la Pol\u00edtica de Calidad incluye los siguientes puntos:<\/p>\n<ul>\n<li>Cumplir con las disposiciones legales y reglamentarias relacionadas con los productos.<\/li>\n<li>Proporcionar a todo el personal, el nivel de formaci\u00f3n y aprendizaje necesario para el desarrollo de sus actividades relacionadas con la calidad del producto y servicio.<\/li>\n<li>Disponer de los sistemas y de la organizaci\u00f3n necesaria para el logro de la calidad exigida y minimizar los impactos ambientales, a trav\u00e9s del enfoque basado en los procesos.<\/li>\n<li>Controlar los productos en las distintas etapas del proceso de fabricaci\u00f3n, con la finalidad de detectar las no conformidades antes de la entrega del producto al cliente, y poder tomar acciones para su resoluci\u00f3n.<\/li>\n<li>Asegurar las condiciones id\u00f3neas de seguridad y salud laboral para todo el personal de la organizaci\u00f3n.<\/li>\n<li>Establecer sistemas de mejora continua, a trav\u00e9s del an\u00e1lisis de los datos, con la finalidad de prevenir las no conformidades y cumplir y superar los objetivos y metas adoptados.<\/li>\n<li>Desarrollar los procesos y herramientas que permitan fomentar la participaci\u00f3n del personal en la mejora del sistema de gesti\u00f3n implantado, as\u00ed como disponer de una comunicaci\u00f3n fluida y transparente con proveedores, clientes, administraci\u00f3n, ciudadan\u00eda y otras partes interesadas.<\/li>\n<\/ul>\n<p>El objetivo de estas l\u00edneas de acci\u00f3n es el de satisfacer las expectativas de nuestros clientes, y convertir la calidad en un valor de empresa asumido por toda la organizaci\u00f3n y reconocido por nuestros clientes.<\/p>\n<p>La Direcci\u00f3n realiza el seguimiento de la evoluci\u00f3n de la satisfacci\u00f3n de nuestros clientes proporcionando los recursos necesarios para cumplir dichos compromisos, que deben ser asumidos por toda la organizaci\u00f3n.<\/p>\n<p>Pere Periche<\/p>\n<p>CEO<\/p>\n\t\t\t\t\t\t\t\t<\/div>\n\t\t\t\t<\/div>\n\t\t\t\t\t<\/div>\n\t\t<\/div>\n\t\t\t\t\t<\/div>\n\t\t<\/section>\n\t\t\t\t<\/div>\n\t\t","protected":false},"excerpt":{"rendered":"<p>Pol\u00edtica de Calidad La Pol\u00edtica de Calidad de Periche Profesional establece, como principal requisito,\u00a0 la satisfacci\u00f3n de las expectativas de nuestros clientes, con la finalidad de conseguir una vinculaci\u00f3n estable y de colaboraci\u00f3n. Las expectativas de los clientes requieren tanto el cumplimiento de sus requisitos como los establecidos por la propias organizaci\u00f3n, tanto los relacionados [&hellip;]<\/p>\n","protected":false},"author":6,"featured_media":0,"parent":0,"menu_order":0,"comment_status":"closed","ping_status":"closed","template":"elementor_header_footer","meta":{"_acf_changed":false,"om_disable_all_campaigns":false,"footnotes":""},"class_list":["post-11927","page","type-page","status-publish","hentry"],"acf":[],"aioseo_notices":[],"_links":{"self":[{"href":"https:\/\/www.tempting.es\/en\/wp-json\/wp\/v2\/pages\/11927","targetHints":{"allow":["GET"]}}],"collection":[{"href":"https:\/\/www.tempting.es\/en\/wp-json\/wp\/v2\/pages"}],"about":[{"href":"https:\/\/www.tempting.es\/en\/wp-json\/wp\/v2\/types\/page"}],"author":[{"embeddable":true,"href":"https:\/\/www.tempting.es\/en\/wp-json\/wp\/v2\/users\/6"}],"replies":[{"embeddable":true,"href":"https:\/\/www.tempting.es\/en\/wp-json\/wp\/v2\/comments?post=11927"}],"version-history":[{"count":3,"href":"https:\/\/www.tempting.es\/en\/wp-json\/wp\/v2\/pages\/11927\/revisions"}],"predecessor-version":[{"id":12422,"href":"https:\/\/www.tempting.es\/en\/wp-json\/wp\/v2\/pages\/11927\/revisions\/12422"}],"wp:attachment":[{"href":"https:\/\/www.tempting.es\/en\/wp-json\/wp\/v2\/media?parent=11927"}],"curies":[{"name":"wp","href":"https:\/\/api.w.org\/{rel}","templated":true}]}}